{"id":98,"date":"2012-05-22T15:22:42","date_gmt":"2012-05-22T13:22:42","guid":{"rendered":"http:\/\/pipes.strassergarde.de\/?page_id=98"},"modified":"2014-02-16T15:14:50","modified_gmt":"2014-02-16T14:14:50","slug":"impressum","status":"publish","type":"page","link":"https:\/\/www.strassergarde.de\/?page_id=98","title":{"rendered":"Impressum"},"content":{"rendered":"<div align=\"left\"><strong>Strasser Garde Rheinhausen<\/strong><\/div>\n<div align=\"left\"><strong>Stefan Brand<br \/>\nM\u00f6rikeweg 15<br \/>\nD-68794 Oberhausen-Rheinhausen<\/strong>Telefon: +49 7254 71633<\/div>\n<div align=\"left\">Fax: +49 7254 71633<\/div>\n<div align=\"left\">Internet: http:\/\/www.strassergarde.de<\/div>\n<div align=\"left\"><a href=\"http:\/\/www.strassergarde.de\/?page_id=213\">Kontakt<\/a><\/div>\n<div align=\"left\">Haftungshinweis: Trotz sorgf\u00e4ltiger inhaltlicher Kontrolle \u00fcbernehmen wir keine Haftung f\u00fcr die Inhalte externer Links. F\u00fcr den Inhalt der verlinkten Seiten sind ausschlie\u00dflich deren Betreiber verantwortlich.<\/div>\n","protected":false},"excerpt":{"rendered":"<p>Strasser Garde Rheinhausen Stefan Brand M\u00f6rikeweg 15 D-68794 Oberhausen-RheinhausenTelefon: +49 7254 71633 Fax: +49 7254 71633 Internet: http:\/\/www.strassergarde.de Kontakt Haftungshinweis: Trotz sorgf\u00e4ltiger inhaltlicher Kontrolle \u00fcbernehmen wir keine Haftung f\u00fcr die Inhalte externer Links. F\u00fcr den Inhalt der verlinkten Seiten sind &hellip; <a href=\"https:\/\/www.strassergarde.de\/?page_id=98\">Weiterlesen <span class=\"meta-nav\">&rarr;<\/span><\/a><\/p>\n","protected":false},"author":2,"featured_media":0,"parent":0,"menu_order":9,"comment_status":"closed","ping_status":"open","template":"","meta":[],"_links":{"self":[{"href":"https:\/\/www.strassergarde.de\/index.php?rest_route=\/wp\/v2\/pages\/98"}],"collection":[{"href":"https:\/\/www.strassergarde.de\/index.php?rest_route=\/wp\/v2\/pages"}],"about":[{"href":"https:\/\/www.strassergarde.de\/index.php?rest_route=\/wp\/v2\/types\/page"}],"author":[{"embeddable":true,"href":"https:\/\/www.strassergarde.de\/index.php?rest_route=\/wp\/v2\/users\/2"}],"replies":[{"embeddable":true,"href":"https:\/\/www.strassergarde.de\/index.php?rest_route=%2Fwp%2Fv2%2Fcomments&post=98"}],"version-history":[{"count":8,"href":"https:\/\/www.strassergarde.de\/index.php?rest_route=\/wp\/v2\/pages\/98\/revisions"}],"predecessor-version":[{"id":459,"href":"https:\/\/www.strassergarde.de\/index.php?rest_route=\/wp\/v2\/pages\/98\/revisions\/459"}],"wp:attachment":[{"href":"https:\/\/www.strassergarde.de\/index.php?rest_route=%2Fwp%2Fv2%2Fmedia&parent=98"}],"curies":[{"name":"wp","href":"https:\/\/api.w.org\/{rel}","templated":true}]}}