{"id":30,"date":"2012-05-22T15:28:36","date_gmt":"2012-05-22T13:28:36","guid":{"rendered":"http:\/\/pipes.strassergarde.de\/?page_id=30"},"modified":"2013-03-14T08:44:31","modified_gmt":"2013-03-14T07:44:31","slug":"repertoire","status":"publish","type":"page","link":"https:\/\/www.strassergarde.de\/?page_id=30","title":{"rendered":"Repertoire"},"content":{"rendered":"<p>Wir treten auf Anfrage auch mit der zus\u00e4tzlichen Besetzung Schlagzeug, Gitarre auf, um unsere Auftritte noch abwechslungsreicher zu gestalten. Dabei muss seitens der Gastgeber eingeplant werden, dass die M\u00f6glichkeit besteht, die Anlage aufzubauen und einen kurzen Line-Check durchzuf\u00fchren. Dazu sind ca. 15 Minuten n\u00f6tig. Nat\u00fcrlich muss nach dem Auftritt \/ den Auftritten die Anlage auch wieder abgebaut werden. Ferner muss nat\u00fcrlich eine Stromversorgung in der N\u00e4he der B\u00fchne vorhanden sein. Wenn Sie dieses Arrangement buchen m\u00f6chten, fragen Sie einfach nach, es kommt nat\u00fcrlich auf die Verf\u00fcgbarkeit der entsprechenden Musiker an. Es sollte jedoch eine Spielzeit von 45 &#8211; 70 Minuten gew\u00fcnscht sein (mit Pause).<\/p>\n<p>Buchungsanfragen bitte an Stefan Brand, Tel.-Nr.: 07254 &#8211; 7 16 33<\/p>\n<p><strong>Marschsets<\/strong><\/p>\n<ul>\n<li>\u00a0Brown Haired Maiden &#8211; The High Road To Gairloch &#8211; Highland Laddie<\/li>\n<li>\u00a0Cullen Bay<\/li>\n<li>\u00a0Scotland The Brave &#8211; No Awa Tae Bide Awa &#8211; Rowan Tree<\/li>\n<li>\u00a0Cockney Jocks \u2013 Wings<\/li>\n<li>\u00a0Green Hills Of Tyrol &#8211; When The Battle Is Over \u2013 Balmoral<\/li>\n<li>\u00a0Wrap The Green Flag &#8211; A Nation Once Again<\/li>\n<li>\u00a0Kelly, Boy From Killarne &#8211; Jimmy Findlater<\/li>\n<li>\u00a0Minstrel Boy &#8211; Wearing Of The Green &#8211; Sean South &#8211; Let Erin Remember<\/li>\n<li>\u00a0Oh, When The Saints<\/li>\n<li>\u00a0Auld Lang Syne<\/li>\n<li>\u00a0Wooden Heart (Muss I denn &#8230;)<\/li>\n<\/ul>\n<p><strong>B\u00fchnensets<\/strong><\/p>\n<ul>\n<li>\u00a0Highland Cathedral<\/li>\n<li>\u00a0Amazing Grace<\/li>\n<li>\u00a0Shennandoah &#8211; Kelly, Boy From Killarne &#8211; Jimmy Findlater<\/li>\n<li>\u00a0Belmont<\/li>\n<li>\u00a0Little Drummer Boy<\/li>\n<li>\u00a0Morag Of Dunvegan &#8211; Balmoral &#8211; Flower Of Scotland<\/li>\n<li>\u00a0Old Bean Waltz &#8211; Green Hills Of Tyrol &#8211; The Ass At The Graveyard<\/li>\n<li>\u00a0Mull Of Kintyre<\/li>\n<li>\u00a0Skye Boat Song &#8211; Highland Cradle Song<\/li>\n<li>\u00a0Going Home &#8211; Itchy Fingers<\/li>\n<li>\u00a0Loch Lomond<\/li>\n<li>\u00a0Scotland The Brave &#8211; Highland Laddie<\/li>\n<li>\u00a0Bonnie Lass o&#8216; Fyvie<\/li>\n<li>\u00a0The Day Is Ended<\/li>\n<li>\u00a0Sierra Madre<\/li>\n<li>\u00a0Looking For Freedom<\/li>\n<li>\u00a0Happy Birthday<\/li>\n<li>\u00a0The Last Of The Mohawks<\/li>\n<li>\u00a0Freude, Sch\u00f6ner G\u00f6tterfunken<\/li>\n<li>\u00a0The Rose<\/li>\n<li>\u00a0Queen Of My Heart<\/li>\n<li>\u00a0Bis Wir Uns Wiedersehn<\/li>\n<\/ul>\n","protected":false},"excerpt":{"rendered":"<p>Wir treten auf Anfrage auch mit der zus\u00e4tzlichen Besetzung Schlagzeug, Gitarre auf, um unsere Auftritte noch abwechslungsreicher zu gestalten. Dabei muss seitens der Gastgeber eingeplant werden, dass die M\u00f6glichkeit besteht, die Anlage aufzubauen und einen kurzen Line-Check durchzuf\u00fchren. Dazu sind &hellip; <a href=\"https:\/\/www.strassergarde.de\/?page_id=30\">Weiterlesen <span class=\"meta-nav\">&rarr;<\/span><\/a><\/p>\n","protected":false},"author":2,"featured_media":0,"parent":105,"menu_order":0,"comment_status":"closed","ping_status":"open","template":"","meta":[],"_links":{"self":[{"href":"https:\/\/www.strassergarde.de\/index.php?rest_route=\/wp\/v2\/pages\/30"}],"collection":[{"href":"https:\/\/www.strassergarde.de\/index.php?rest_route=\/wp\/v2\/pages"}],"about":[{"href":"https:\/\/www.strassergarde.de\/index.php?rest_route=\/wp\/v2\/types\/page"}],"author":[{"embeddable":true,"href":"https:\/\/www.strassergarde.de\/index.php?rest_route=\/wp\/v2\/users\/2"}],"replies":[{"embeddable":true,"href":"https:\/\/www.strassergarde.de\/index.php?rest_route=%2Fwp%2Fv2%2Fcomments&post=30"}],"version-history":[{"count":6,"href":"https:\/\/www.strassergarde.de\/index.php?rest_route=\/wp\/v2\/pages\/30\/revisions"}],"predecessor-version":[{"id":112,"href":"https:\/\/www.strassergarde.de\/index.php?rest_route=\/wp\/v2\/pages\/30\/revisions\/112"}],"up":[{"embeddable":true,"href":"https:\/\/www.strassergarde.de\/index.php?rest_route=\/wp\/v2\/pages\/105"}],"wp:attachment":[{"href":"https:\/\/www.strassergarde.de\/index.php?rest_route=%2Fwp%2Fv2%2Fmedia&parent=30"}],"curies":[{"name":"wp","href":"https:\/\/api.w.org\/{rel}","templated":true}]}}