{"id":2,"date":"2012-05-16T22:19:55","date_gmt":"2012-05-16T22:19:55","guid":{"rendered":"http:\/\/pipes.strassergarde.de\/?page_id=2"},"modified":"2015-03-16T10:25:21","modified_gmt":"2015-03-16T09:25:21","slug":"beispiel-seite","status":"publish","type":"page","link":"https:\/\/www.strassergarde.de\/","title":{"rendered":"Willkommen bei der Strasser Garde Rheinhausen"},"content":{"rendered":"<p>Wir sind eine Pipeband der &#8222;etwas anderen&#8220; Art. Zum einen sind wir nicht nur traditionell eingestellt, d.h. wir spielen neben schottischer- und irischer Pipemusik auch Arrangements popul\u00e4rer Songs, zum Anderen sind wir keine Competition Band und es gen\u00fcgt uns, wenn unsere geneigten Zuh\u00f6rer ihren Spa\u00df haben, au\u00dferdem kommen bei uns Brassinstrumente und Kesselpauken mit zum Einsatz.<\/p>\n<p><img decoding=\"async\" loading=\"lazy\" class=\"alignleft  wp-image-6\" title=\"Strassergarde_Gruppenfoto\" src=\"http:\/\/www.strassergarde.de\/wp-content\/uploads\/2012\/05\/Gruppen-Foto_klein-IMG_9448-1024x682.jpg\" alt=\"\" width=\"584\" height=\"388\" srcset=\"https:\/\/www.strassergarde.de\/wp-content\/uploads\/2012\/05\/Gruppen-Foto_klein-IMG_9448-1024x682.jpg 1024w, https:\/\/www.strassergarde.de\/wp-content\/uploads\/2012\/05\/Gruppen-Foto_klein-IMG_9448-300x200.jpg 300w, https:\/\/www.strassergarde.de\/wp-content\/uploads\/2012\/05\/Gruppen-Foto_klein-IMG_9448-450x300.jpg 450w, https:\/\/www.strassergarde.de\/wp-content\/uploads\/2012\/05\/Gruppen-Foto_klein-IMG_9448-148x98.jpg 148w, https:\/\/www.strassergarde.de\/wp-content\/uploads\/2012\/05\/Gruppen-Foto_klein-IMG_9448-31x20.jpg 31w, https:\/\/www.strassergarde.de\/wp-content\/uploads\/2012\/05\/Gruppen-Foto_klein-IMG_9448-38x25.jpg 38w, https:\/\/www.strassergarde.de\/wp-content\/uploads\/2012\/05\/Gruppen-Foto_klein-IMG_9448-322x215.jpg 322w, https:\/\/www.strassergarde.de\/wp-content\/uploads\/2012\/05\/Gruppen-Foto_klein-IMG_9448.jpg 1152w\" sizes=\"(max-width: 584px) 100vw, 584px\" \/><\/p>\n<p>Gesucht werden Trompeter und Trommler. Die Strasser-Garde Rheinhausen sucht f\u00fcr ihr Trompeten- und Drumregister neue Musiker, oder Leute, die es gerne werden m\u00f6chten.<\/p>\n<p>Interessiert an keltischer Kultur, einem abwechslungsreichen musikalischen Repertoire und attraktiven Auftrittsm\u00f6glichkeiten?<br \/>\nDann meldet euch beim ersten Vorstand <a href=\"http:\/\/www.strassergarde.de\/?page_id=213\">Stefan Brand<\/a> oder besucht uns bei einer unserer Proben immer Dienstags in der Tulla Halle.<\/p>\n<p>Schauen Sie mal in unseren <a title=\"Unsere CD \u201cTattoo\u201d\" href=\"http:\/\/www.strassergarde.de\/?page_id=170\">Online-Shop<\/a>. F\u00fcr 13,00 \u20ac (zzgl. Porto 1,45\u20ac) gibt es unsere abwechslungsreiche CD &#8222;Tattoo&#8220; mit 19 schottischen, irischen und weiteren von uns interpretierten Liedern. Dabei sind auch zwei Lieder zusammen mit dem Musikverein &#8222;Einigkeit&#8220; aus Rheinhausen.<\/p>\n","protected":false},"excerpt":{"rendered":"<p>Wir sind eine Pipeband der &#8222;etwas anderen&#8220; Art. Zum einen sind wir nicht nur traditionell eingestellt, d.h. wir spielen neben schottischer- und irischer Pipemusik auch Arrangements popul\u00e4rer Songs, zum Anderen sind wir keine Competition Band und es gen\u00fcgt uns, wenn &hellip; <a href=\"https:\/\/www.strassergarde.de\/\">Weiterlesen <span class=\"meta-nav\">&rarr;<\/span><\/a><\/p>\n","protected":false},"author":2,"featured_media":0,"parent":0,"menu_order":0,"comment_status":"open","ping_status":"open","template":"sidebar-page.php","meta":[],"_links":{"self":[{"href":"https:\/\/www.strassergarde.de\/index.php?rest_route=\/wp\/v2\/pages\/2"}],"collection":[{"href":"https:\/\/www.strassergarde.de\/index.php?rest_route=\/wp\/v2\/pages"}],"about":[{"href":"https:\/\/www.strassergarde.de\/index.php?rest_route=\/wp\/v2\/types\/page"}],"author":[{"embeddable":true,"href":"https:\/\/www.strassergarde.de\/index.php?rest_route=\/wp\/v2\/users\/2"}],"replies":[{"embeddable":true,"href":"https:\/\/www.strassergarde.de\/index.php?rest_route=%2Fwp%2Fv2%2Fcomments&post=2"}],"version-history":[{"count":22,"href":"https:\/\/www.strassergarde.de\/index.php?rest_route=\/wp\/v2\/pages\/2\/revisions"}],"predecessor-version":[{"id":624,"href":"https:\/\/www.strassergarde.de\/index.php?rest_route=\/wp\/v2\/pages\/2\/revisions\/624"}],"wp:attachment":[{"href":"https:\/\/www.strassergarde.de\/index.php?rest_route=%2Fwp%2Fv2%2Fmedia&parent=2"}],"curies":[{"name":"wp","href":"https:\/\/api.w.org\/{rel}","templated":true}]}}