{"id":119,"date":"2012-05-22T15:39:44","date_gmt":"2012-05-22T13:39:44","guid":{"rendered":"http:\/\/pipes.strassergarde.de\/?page_id=119"},"modified":"2013-03-14T08:44:31","modified_gmt":"2013-03-14T07:44:31","slug":"highlights-der-strasser-garde","status":"publish","type":"page","link":"https:\/\/www.strassergarde.de\/?page_id=119","title":{"rendered":"Highlights"},"content":{"rendered":"<p style=\"text-align: left;\" align=\"center\">Konzert zum 30 j\u00e4hrigen Bestehen (Oktober 2008)<\/p>\n<p style=\"text-align: left;\" align=\"center\">Auftritte in Castellon \/ Spanien (M\u00e4rz 2005)<\/p>\n<p style=\"text-align: left;\" align=\"center\">Fest zum 25 j\u00e4hrigen Bestehen (2003)<\/p>\n<p style=\"text-align: left;\" align=\"center\">Auftritt in Thierbach (Mai 2003)<\/p>\n<p style=\"text-align: left;\" align=\"center\">3. Platz beim &#8222;Musikfest der Nationen&#8220; in Bad M\u00fcnstereiffel (September 2002)<\/p>\n<p style=\"text-align: left;\" align=\"center\">Die CD &#8222;Tattoo&#8220; (2001)<\/p>\n<p style=\"text-align: left;\" align=\"center\">1. Platz beim &#8222;Gro\u00dfen Preis der Spielmannsz\u00fcge&#8220; in der Eberthalle in Ludwigshafen<\/p>\n<p style=\"text-align: left;\" align=\"center\">sowie 1. Platz f\u00fcr Oskar Brand als Stabf\u00fchrer<\/p>\n<p style=\"text-align: left;\" align=\"center\">Fest zum 20 j\u00e4hrigen Bestehen (1998)<\/p>\n<p style=\"text-align: left;\" align=\"center\">Auftritte mit der Rockband &#8222;HIGHLANDER&#8220;<\/p>\n<p style=\"text-align: left;\" align=\"center\">Auftritte beim F\u00fcrsten von L\u00f6wenstein<\/p>\n<p style=\"text-align: left;\" align=\"center\">Fest &#8222;500 Jahre Post&#8220; in Rheinhausen<\/p>\n<p style=\"text-align: left;\" align=\"center\">1. Platz f\u00fcr Pipe Bands bei der St. Patricksday \u2013 Parade in Alexandria, USA (1994)<\/p>\n<p style=\"text-align: left;\" align=\"center\">Auftritte in Washington und New York<\/p>\n<p style=\"text-align: left;\" align=\"center\">Fest zum 15 j\u00e4hrigen Bestehen mit vielen Gastvereinen (1993)<\/p>\n<p style=\"text-align: left;\" align=\"center\">Gastspiel in \u00d6sterreich<\/p>\n<p style=\"text-align: left;\" align=\"center\">Kassette &#8222;The Pipes, Drums &amp; Trumpets<\/p>\n<p style=\"text-align: left;\" align=\"center\">Auftritte in Neutraubling und auf Schloss Emmeram<\/p>\n<div style=\"text-align: left;\" align=\"center\">Fest zum 10 j\u00e4hrigen Bestehen (1988)<\/div>\n","protected":false},"excerpt":{"rendered":"<p>Konzert zum 30 j\u00e4hrigen Bestehen (Oktober 2008) Auftritte in Castellon \/ Spanien (M\u00e4rz 2005) Fest zum 25 j\u00e4hrigen Bestehen (2003) Auftritt in Thierbach (Mai 2003) 3. Platz beim &#8222;Musikfest der Nationen&#8220; in Bad M\u00fcnstereiffel (September 2002) Die CD &#8222;Tattoo&#8220; (2001) &hellip; <a href=\"https:\/\/www.strassergarde.de\/?page_id=119\">Weiterlesen <span class=\"meta-nav\">&rarr;<\/span><\/a><\/p>\n","protected":false},"author":2,"featured_media":0,"parent":105,"menu_order":3,"comment_status":"closed","ping_status":"open","template":"","meta":[],"_links":{"self":[{"href":"https:\/\/www.strassergarde.de\/index.php?rest_route=\/wp\/v2\/pages\/119"}],"collection":[{"href":"https:\/\/www.strassergarde.de\/index.php?rest_route=\/wp\/v2\/pages"}],"about":[{"href":"https:\/\/www.strassergarde.de\/index.php?rest_route=\/wp\/v2\/types\/page"}],"author":[{"embeddable":true,"href":"https:\/\/www.strassergarde.de\/index.php?rest_route=\/wp\/v2\/users\/2"}],"replies":[{"embeddable":true,"href":"https:\/\/www.strassergarde.de\/index.php?rest_route=%2Fwp%2Fv2%2Fcomments&post=119"}],"version-history":[{"count":4,"href":"https:\/\/www.strassergarde.de\/index.php?rest_route=\/wp\/v2\/pages\/119\/revisions"}],"predecessor-version":[{"id":458,"href":"https:\/\/www.strassergarde.de\/index.php?rest_route=\/wp\/v2\/pages\/119\/revisions\/458"}],"up":[{"embeddable":true,"href":"https:\/\/www.strassergarde.de\/index.php?rest_route=\/wp\/v2\/pages\/105"}],"wp:attachment":[{"href":"https:\/\/www.strassergarde.de\/index.php?rest_route=%2Fwp%2Fv2%2Fmedia&parent=119"}],"curies":[{"name":"wp","href":"https:\/\/api.w.org\/{rel}","templated":true}]}}