{"id":102,"date":"2012-05-22T15:26:49","date_gmt":"2012-05-22T13:26:49","guid":{"rendered":"http:\/\/pipes.strassergarde.de\/?page_id=102"},"modified":"2015-03-16T10:23:53","modified_gmt":"2015-03-16T09:23:53","slug":"entstehung-und-entwicklung","status":"publish","type":"page","link":"https:\/\/www.strassergarde.de\/?page_id=102","title":{"rendered":"Entstehung und Entwicklung"},"content":{"rendered":"<h2>Entstehung und Entwicklung der Strasser Garde<\/h2>\n<p>Die Strasser Garde aus Rheinhausen in Baden-W\u00fcrttemberg wurde 1978 von Oskar Brand, der bis zu seinem pl\u00f6tzlichen Tod 2003 f\u00fcr 25 Jahre Vorstand und Drum-Major war, gegr\u00fcndet. Am Anfang stand die Idee eines Fastnachts-Musikzuges und es wurde nur auf selbstgefertigten Trommeln gespielt. Ab 1982 wurde die Band von einigen Trompetern unterst\u00fctzt. 1988 kam dann der Umschwung, als sich Mitglieder der Band schottische Hochland-Dudels\u00e4cke zulegten. Es wurden erste Musikst\u00fccke einstudiert, die bei der Feier zum 10 j\u00e4hrigen Bestehen der Band der \u00d6ffentlichkeit vorgestellt wurden.<\/p>\n<p><img decoding=\"async\" loading=\"lazy\" width=\"160\" height=\"228\" class=\"alignleft  wp-image-103\" title=\"oskarbrand\" src=\"http:\/\/www.strassergarde.de\/wp-content\/uploads\/2012\/05\/oskarbrand.jpg\" alt=\"\" srcset=\"https:\/\/www.strassergarde.de\/wp-content\/uploads\/2012\/05\/oskarbrand.jpg 160w, https:\/\/www.strassergarde.de\/wp-content\/uploads\/2012\/05\/oskarbrand-103x148.jpg 103w, https:\/\/www.strassergarde.de\/wp-content\/uploads\/2012\/05\/oskarbrand-21x31.jpg 21w, https:\/\/www.strassergarde.de\/wp-content\/uploads\/2012\/05\/oskarbrand-26x38.jpg 26w, https:\/\/www.strassergarde.de\/wp-content\/uploads\/2012\/05\/oskarbrand-150x215.jpg 150w\" sizes=\"(max-width: 160px) 100vw, 160px\" \/><\/p>\n<p>J\u00e4hrlich nahm die Zahl der aktiven Musiker zu und das Repertoire wurde erweitert. Durch Kurse zum Erlernen des Dudelsackspielens nach Lehrmitteln des \u201eCollege of Piping\u201c in Glasgow wurde auch die Anzahl der Bagpiper erh\u00f6ht. 1992 bereicherte ein ehemaliger Bagpiper der \u201eEmerald Society of the New York City Police Pipe Band\u201c das Repertoire der Strasser Garde mit irischem Liedgut. Der au\u00dfergew\u00f6hnliche Aspekt der Musik der Strasser Garde ist das Zusammenspiel der Pipes mit den harmonisierenden Kl\u00e4ngen der Trompeten, unterst\u00fctzt durch das vielseitige Drum-Corps. Dieses besteht aus schottischen Side- und Tenordrums sowie einer Bassdrum. Auch Kesselpauken kommen zum Einsatz. Durch diese Zusammenstellung konnten neue Aspekte der Pipe Band Musik dargeboten werden und die Strasser Garde bekam ihren eigenen Stil, der sie von anderen Pipe Bands unterscheidet. Das Repertoire umfasst neben traditionellem schottischem und irischem Liedgut auch eigene Arrangements popul\u00e4rer St\u00fccke. Der 1. Vorstand und musikalischer Leiter ist Stefan Brand. Der 2. Vorstand und verantwortlich f\u00fcr die Leitung, Aus- und Weiterbildung der Bagpipes ist Jutta Hormuth.<\/p>\n<p>Schon 1990 produzierte die Strasser Garde ihre erste Musikkassette im Face-Music Tonstudio in Reilingen. Diese bot einen guten \u00dcberblick \u00fcber das damalige Repertoire der Band. 2001 wurde dann die aktuelle CD \u201eTattoo\u201c aufgenommen. Daf\u00fcr ging die Band wieder neue Wege. Zus\u00e4tzlich zu dem B\u00fchnenrepertoire wurden einzelne Lieder erstmals mit der Unterst\u00fctzung von akustischen-, elektrischen- und Bassgitarren aufgenommen. Auch Schlagzeug, Keyboard und Tin-Whistle kamen zum Einsatz. Au\u00dferdem wurden zwei der popul\u00e4rsten Songs zusammen mit dem Musikverein Rheinhausen arrangiert und aufgenommen. Daraus resultiert eine abwechslungsreiche und interessante Mischung, bei der f\u00fcr jeden Pipe-Music Fan etwas dabei ist.<\/p>\n<p>Durch den Erfolg der CD angespornt, tritt die Band seit 2002 auch in der zus\u00e4tzlichen Besetzung mit Schlagzeug und Gitarre auf, um die Auftritte noch abwechslungsreicher zu gestalten. Dabei muss seitens der Gastgeber eingeplant werden, dass die M\u00f6glichkeit besteht, die Anlage aufzubauen und einen kurzen Line-Check durchzuf\u00fchren. Dazu sind ca. 15 Minuten n\u00f6tig. Nat\u00fcrlich muss nach dem Auftritt \/ den Auftritten die Anlage auch wieder abgebaut werden. Ferner muss nat\u00fcrlich eine Stromversorgung in der N\u00e4he der B\u00fchne vorhanden sein.<\/p>\n<p>Die Strasser Garde konnte sich \u2013 au\u00dfer bei vielen regionalen und \u00fcberregionalen Auftritten in Deutschland \u2013 auch in den USA, Spanien, \u00d6sterreich und Frankreich mit gro\u00dfem Erfolg musikalisch vorstellen.<\/p>\n<p>Martin Kessler (er gewann als erster deutscher Piper \u2013 sogar als erster kontinentaler Piper \u2013 eine Goldmedallie bei dem Piobaireachd &#8211; Wettbewerb 2003 in Braemar, Schottland) sagte einmal bei einem Workshop der Strasser-Garde Pipers: \u201eIhr bringt es fertig, sowohl die schottischen als auch die deutschen Traditionen zu einer einzigartigen Sache zu verschmelzen; das macht euch zu etwas Authentischem und Besonderem.\u201c<\/p>\n<p>In der Nacht vom Montag auf Dienstag, am 15. Juli 2003 verstarb unser langj\u00e4hriger Vorstand und Dirigent Oskar Brand nach pl\u00f6tzlicher schwerer Krankheit. Tief betroffen trauern wir noch immer um unseren Freund, Gr\u00fcnder der Strasser-Garde, Vorstand und Ansprechpartner. Er hat die Strasser-Garde dahin gebracht, wo wir jetzt stehen; hatte stets f\u00fcr jedes Problem eine L\u00f6sung und f\u00fcr jeden immer ein offenes Ohr. Er war immer zur Stelle und bereit, seine Interessen hinten anzustellen, wenn es um das Wohl der Band ging. Wer Ihn kennen lernte, wusste seinen Humor und seine Spontanit\u00e4t zu sch\u00e4tzen. Oskar war sowohl Diplomat als auch Wegweiser und wusste, seine Visionen mit denen von anderen zu kombinieren.<\/p>\n<p>Wir vermissen ihn, er fehlt uns und wird uns immer fehlen. Wir werden sein Werk weiterf\u00fchren und uns immer an Ihn erinnern, als der Freund der er f\u00fcr uns alle war.<\/p>\n<p>Wir werden Ihn nie vergessen und sein Andenken und seine Ziele in Ehren halten.<\/p>\n","protected":false},"excerpt":{"rendered":"<p>Entstehung und Entwicklung der Strasser Garde Die Strasser Garde aus Rheinhausen in Baden-W\u00fcrttemberg wurde 1978 von Oskar Brand, der bis zu seinem pl\u00f6tzlichen Tod 2003 f\u00fcr 25 Jahre Vorstand und Drum-Major war, gegr\u00fcndet. Am Anfang stand die Idee eines Fastnachts-Musikzuges &hellip; <a href=\"https:\/\/www.strassergarde.de\/?page_id=102\">Weiterlesen <span class=\"meta-nav\">&rarr;<\/span><\/a><\/p>\n","protected":false},"author":2,"featured_media":0,"parent":105,"menu_order":0,"comment_status":"closed","ping_status":"open","template":"","meta":[],"_links":{"self":[{"href":"https:\/\/www.strassergarde.de\/index.php?rest_route=\/wp\/v2\/pages\/102"}],"collection":[{"href":"https:\/\/www.strassergarde.de\/index.php?rest_route=\/wp\/v2\/pages"}],"about":[{"href":"https:\/\/www.strassergarde.de\/index.php?rest_route=\/wp\/v2\/types\/page"}],"author":[{"embeddable":true,"href":"https:\/\/www.strassergarde.de\/index.php?rest_route=\/wp\/v2\/users\/2"}],"replies":[{"embeddable":true,"href":"https:\/\/www.strassergarde.de\/index.php?rest_route=%2Fwp%2Fv2%2Fcomments&post=102"}],"version-history":[{"count":7,"href":"https:\/\/www.strassergarde.de\/index.php?rest_route=\/wp\/v2\/pages\/102\/revisions"}],"predecessor-version":[{"id":622,"href":"https:\/\/www.strassergarde.de\/index.php?rest_route=\/wp\/v2\/pages\/102\/revisions\/622"}],"up":[{"embeddable":true,"href":"https:\/\/www.strassergarde.de\/index.php?rest_route=\/wp\/v2\/pages\/105"}],"wp:attachment":[{"href":"https:\/\/www.strassergarde.de\/index.php?rest_route=%2Fwp%2Fv2%2Fmedia&parent=102"}],"curies":[{"name":"wp","href":"https:\/\/api.w.org\/{rel}","templated":true}]}}